{"id":18,"date":"2015-03-27T15:57:07","date_gmt":"2015-03-27T14:57:07","guid":{"rendered":"http:\/\/www.dachdeckerfirma-wienold.de\/wordpress\/?page_id=18"},"modified":"2018-05-01T12:44:53","modified_gmt":"2018-05-01T10:44:53","slug":"home","status":"publish","type":"page","link":"http:\/\/www.dachdeckerfirma-wienold.de\/wordpress\/","title":{"rendered":"HOME"},"content":{"rendered":"<div id=\"pl-18\"  class=\"panel-layout\" ><div id=\"pg-18-0\"  class=\"panel-grid panel-has-style\" ><div class=\"panel-widget-style panel-row-style panel-row-style-for-18-0\" ><div id=\"pgc-18-0-0\"  class=\"panel-grid-cell\" ><div id=\"panel-18-0-0-0\" class=\"so-panel widget widget_black-studio-tinymce widget_black_studio_tinymce panel-first-child panel-last-child\" data-index=\"0\" ><div class=\"textwidget\">                \t<style type=\"text\/css\">\n                \t.kad-slider-49 .kad-slider .kad-slider-btn-01 {color:#ffffff;}.kad-slider-49 .kad-slider .kad-slider-btn-01 {background:#0d6cbf;}.kad-slider-49 .kad-slider .kad-slider-btn-02 {color:#ffffff;}.kad-slider-49 .kad-slider .kad-slider-btn-02 {background:#0d6cbf;}.kad-slider-49 .kad-slider .kad-slider-btn-01:hover {background:#9eceff;}.kad-slider-49 .kad-slider .kad-slider-btn-02:hover {background:#9eceff;}.kad-slider-49 .kad-slider .kadcaptiontitle {font-size:50px;}.kad-slider-49 .kad-slider .kadcaptiontitle {font-weight:700;}.kad-slider-49 .kad-slider .kadcaptiontitle {letter-spacing:normalpx;}.kad-slider-49 .kad-slider .kadcaptiontext p {font-size:24px;}.kad-slider-49 .kad-slider .kadcaptiontext p {font-weight:600;}.kad-slider-49 .kad-slider .kadcaptiontext p {letter-spacing:normalpx;}.kad-slider-49 .kad-slider .caption-case-inner {text-align:right;}@media (max-width: 992px) {.kad-slider-49 .kad-slider .kadcaptiontext p {font-size:18px;}.kad-slider-49 .kad-slider .kadcaptiontitle {font-size:30px;}} @media (max-width: 767px) {.kad-slider-49 .kad-slider .kadcaptiontitle {font-size:20px;}.kad-slider-49 .kad-slider .kadcaptiontext p {font-size:14px;}.kad-slider-49 .kad-slider .kad-slider-canvas, .kad-slider-49 .kad-slider {height:350px !important;}}                \t<\/style>\n\t\t\t  \t<div class=\"kad-slider-wrapper   kad-slider-49\" data-ktslider-id=\"49\" data-ktslider-auto-play=\"true\" data-ktslider-pause-time=\"7000\" data-ktslider-height=\"400\" data-ktslider-height-type=\"normal\" style=\"max-width:none; margin-left: auto; margin-right:auto;\">\n\t\t\t    \t<div id=\"kad-slider-49\" class=\"kad-slider kad-loading\" style=\"margin-left: auto; margin-right:auto; height:400px; \">\n\t\t\t        \t<ul class=\"kad-slider-canvas seq-canvas\" style=\"height:400px;\" >\n\t\t\t        \t\t\t\t                      <li> \n\t\t\t                              <div class=\"kad-slide kad-slide-1  \" style=\"background-image: url('http:\/\/www.dachdeckerfirma-wienold.de\/wordpress\/wp-content\/uploads\/2015\/03\/11.jpg'); background-size:cover; background-repeat: no-repeat;\">\n\t\t\t                              \t<div class=\"caption-case kad-placement-tc\">\n\t\t\t                                \t<div class=\"kad-slide-caption animated slideInLeft slideOutRight\">\n\t\t\t                                \t\t<div class=\"caption-case-inner\" data-0=\"opacity: 1;\" data-300=\"opacity: 0;\">\n\t\t\t\t\t                                <div class=\"kadcaptiontitle clearfix headerfont\">Herzlich Willkommen...<\/div><div class=\"clearfix\"><\/div>\t\t\t\t\t                                \t\t\t\t\t                                \t\t\t\t\t                                \t\t\t                                \t\t<\/div> \n\t\t\t                                \t<\/div> \n\t\t\t                            \t<\/div>\n\t\t\t                            <\/div>\n\t\t\t                      \t<\/li> \n\t\t\t                      \t\t\t\t            \t\t\t                      <li> \n\t\t\t                              <div class=\"kad-slide kad-slide-2  \" style=\"background-image: url('http:\/\/www.dachdeckerfirma-wienold.de\/wordpress\/wp-content\/uploads\/2015\/03\/31.jpg'); background-size:cover; background-repeat: no-repeat;\">\n\t\t\t                              \t<div class=\"caption-case kad-placement-tr\">\n\t\t\t                                \t<div class=\"kad-slide-caption animated slideInRight slideOutLeft\">\n\t\t\t                                \t\t<div class=\"caption-case-inner\" data-0=\"opacity: 1;\" data-300=\"opacity: 0;\">\n\t\t\t\t\t                                \t\t\t\t\t                                <div><div class=\"kadcaptiontext headerfont\"><p>... bei der Dachdeckerfirma Wienold. Hier sind Sie genau richtig, wenn Sie solide Handwerksarbeit rund um das Dach erwarten.\r\n<\/p><\/div><\/div>\t\t\t\t\t                                \t\t\t\t\t                                \t\t\t                                \t\t<\/div> \n\t\t\t                                \t<\/div> \n\t\t\t                            \t<\/div>\n\t\t\t                            <\/div>\n\t\t\t                      \t<\/li> \n\t\t\t                      \t\t\t\t            \t\t\t                      <li> \n\t\t\t                              <div class=\"kad-slide kad-slide-3  \" style=\"background-image: url('http:\/\/www.dachdeckerfirma-wienold.de\/wordpress\/wp-content\/uploads\/2015\/04\/ziegel2.jpg'); background-size:cover; background-repeat: no-repeat;\">\n\t\t\t                              \t<div class=\"caption-case kad-placement-tr\">\n\t\t\t                                \t<div class=\"kad-slide-caption animated slideInLeft fadeOut\">\n\t\t\t                                \t\t<div class=\"caption-case-inner\" data-0=\"opacity: 1;\" data-300=\"opacity: 0;\">\n\t\t\t\t\t                                \t\t\t\t\t                                <div><div class=\"kadcaptiontext headerfont\"><p>Dachdecker zu sein reicht heutzutage nicht mehr aus. Ein St\u00fcck Zimmermann, Klempner und G\u00e4rtner geh\u00f6rt dazu, manchmal auch viel mehr. Mit dem Team der Firma Wienold ist ihr Dach immer auf der H\u00f6he der Zeit.<\/p><\/div><\/div>\t\t\t\t\t                                \t\t\t\t\t                                \t\t\t                                \t\t<\/div> \n\t\t\t                                \t<\/div> \n\t\t\t                            \t<\/div>\n\t\t\t                            <\/div>\n\t\t\t                      \t<\/li> \n\t\t\t                      \t\t\t\t            \t\t\t                      <li> \n\t\t\t                              <div class=\"kad-slide kad-slide-4  \" style=\"background-image: url('http:\/\/www.dachdeckerfirma-wienold.de\/wordpress\/wp-content\/uploads\/2015\/04\/Schiefer1.jpg'); background-size:cover; background-repeat: no-repeat;\">\n\t\t\t                              \t<div class=\"caption-case kad-placement-tr\">\n\t\t\t                                \t<div class=\"kad-slide-caption animated slideInDown fadeOut\">\n\t\t\t                                \t\t<div class=\"caption-case-inner\" data-0=\"opacity: 1;\" data-300=\"opacity: 0;\">\n\t\t\t\t\t                                \t\t\t\t\t                                <div><div class=\"kadcaptiontext headerfont\"><p>Schauen Sie doch mal weiter ! <\/br>\r\nIhr Dachdeckermeister Wienold<\/br>\r\n<\/br>\r\n<\/br>\r\n<\/br>\r\n<\/br>\r\n<\/br>\r\nhier gehts...<\/p><\/div><\/div>\t\t\t\t\t                                <a href=\"http:\/\/www.dachdeckerfirma-wienold.de\/wordpress\/?page_id=22\" class=\"kad-slider-btn headerfont kad-slider-btn-01\">zu den Referenzen..<\/a>\t\t\t\t\t                                <a href=\"http:\/\/www.dachdeckerfirma-wienold.de\/wordpress\/?page_id=20\" class=\"kad-slider-btn headerfont kad-slider-btn-02\">zu den Leistungen..<\/a>\t\t\t                                \t\t<\/div> \n\t\t\t                                \t<\/div> \n\t\t\t                            \t<\/div>\n\t\t\t                            <\/div>\n\t\t\t                      \t<\/li> \n\t\t\t                      \t\t\t\t            \t\t\t        \t<\/ul>\n\t\t\t        \t<ul class=\"kad-slider-pagination kad-pag-49\">\n\t\t\t        \t\t\t\t\t\t\t\t    <li class=\"kad-slider-dot\"><\/li>\n\t\t\t\t\t\t    \t\t\t\t\t\t    <li class=\"kad-slider-dot\"><\/li>\n\t\t\t\t\t\t    \t\t\t\t\t\t    <li class=\"kad-slider-dot\"><\/li>\n\t\t\t\t\t\t    \t\t\t\t\t\t    <li class=\"kad-slider-dot\"><\/li>\n\t\t\t\t\t\t    \t\t\t\t\t\t<\/ul>\n\t\t\t        \t<a class=\"kad-slider-next kad-slider-navigate kad-next-49\"><\/a>\n\t\t\t        \t<a class=\"kad-slider-prev kad-slider-navigate kad-prev-49\"><\/a>\n\t\t\t        \t\t\t\t      <\/div> <!--kad-slides-->\n\t\t\t  <\/div> <!--kad-slider-->\n            \t\t\n\t\n<\/div><\/div><\/div><\/div><\/div><div id=\"pg-18-1\"  class=\"panel-grid panel-no-style\" ><div id=\"pgc-18-1-0\"  class=\"panel-grid-cell\" ><div id=\"panel-18-1-0-0\" class=\"so-panel widget widget_black-studio-tinymce widget_black_studio_tinymce panel-first-child panel-last-child\" data-index=\"1\" ><div class=\"datsign panel-widget-style panel-widget-style-for-18-1-0-0\" id=\"dats\" ><div class=\"textwidget\"><p style=\"text-align: left;\"><a href=\"http:\/\/www.dachdeckerfirma-wienold.de\/wordpress\/datenschutz\/\">DATENSCHUTZ<\/a> \/ <a href=\"http:\/\/www.dachdeckerfirma-wienold.de\/wordpress\/impressum\/\">IMPRESSUM<\/a><\/p>\n<\/div><\/div><\/div><\/div><\/div><\/div>","protected":false},"excerpt":{"rendered":"<p>DATENSCHUTZ \/ IMPRESSUM<\/p>\n","protected":false},"author":3,"featured_media":0,"parent":0,"menu_order":1,"comment_status":"open","ping_status":"open","template":"","meta":[],"_links":{"self":[{"href":"http:\/\/www.dachdeckerfirma-wienold.de\/wordpress\/wp-json\/wp\/v2\/pages\/18"}],"collection":[{"href":"http:\/\/www.dachdeckerfirma-wienold.de\/wordpress\/wp-json\/wp\/v2\/pages"}],"about":[{"href":"http:\/\/www.dachdeckerfirma-wienold.de\/wordpress\/wp-json\/wp\/v2\/types\/page"}],"author":[{"embeddable":true,"href":"http:\/\/www.dachdeckerfirma-wienold.de\/wordpress\/wp-json\/wp\/v2\/users\/3"}],"replies":[{"embeddable":true,"href":"http:\/\/www.dachdeckerfirma-wienold.de\/wordpress\/wp-json\/wp\/v2\/comments?post=18"}],"version-history":[{"count":11,"href":"http:\/\/www.dachdeckerfirma-wienold.de\/wordpress\/wp-json\/wp\/v2\/pages\/18\/revisions"}],"predecessor-version":[{"id":459,"href":"http:\/\/www.dachdeckerfirma-wienold.de\/wordpress\/wp-json\/wp\/v2\/pages\/18\/revisions\/459"}],"wp:attachment":[{"href":"http:\/\/www.dachdeckerfirma-wienold.de\/wordpress\/wp-json\/wp\/v2\/media?parent=18"}],"curies":[{"name":"wp","href":"https:\/\/api.w.org\/{rel}","templated":true}]}}