{"id":20,"date":"2015-03-27T15:57:33","date_gmt":"2015-03-27T14:57:33","guid":{"rendered":"http:\/\/www.dachdeckerfirma-wienold.de\/wordpress\/?page_id=20"},"modified":"2018-05-01T12:47:45","modified_gmt":"2018-05-01T10:47:45","slug":"leistungen","status":"publish","type":"page","link":"http:\/\/www.dachdeckerfirma-wienold.de\/wordpress\/leistungen\/","title":{"rendered":"LEISTUNGEN"},"content":{"rendered":"<div id=\"pl-20\"  class=\"panel-layout\" ><div id=\"pg-20-0\"  class=\"panel-grid panel-has-style\" ><div class=\"panel-widget-style panel-row-style panel-row-style-for-20-0\" ><div id=\"pgc-20-0-0\"  class=\"panel-grid-cell\" ><div id=\"panel-20-0-0-0\" class=\"so-panel widget widget_black-studio-tinymce widget_black_studio_tinymce panel-first-child\" data-index=\"0\" ><div class=\"aufzaehl panel-widget-style panel-widget-style-for-20-0-0-0\" ><div class=\"textwidget\"><ul>\n<li><span style=\"color: #000000;\"><strong>SCHIEFERDECKUNGEN<\/strong><\/span><br \/>\n<span style=\"color: #000000;\"> - Naturschiefer \/ Faserzement<\/span><\/li>\n<\/ul>\n<\/div><\/div><\/div><div id=\"panel-20-0-0-1\" class=\"so-panel widget widget_black-studio-tinymce widget_black_studio_tinymce\" data-index=\"1\" ><div class=\"aufzaehl panel-widget-style panel-widget-style-for-20-0-0-1\" ><div class=\"textwidget\"><ul>\n<li><span style=\"color: #000000;\"><strong>KLEMPNERARBEITEN<br \/>\n<\/strong>- in Zink \/ in Kupfer \/ in Alu<\/span><\/li>\n<\/ul>\n<\/div><\/div><\/div><div id=\"panel-20-0-0-2\" class=\"so-panel widget widget_black-studio-tinymce widget_black_studio_tinymce\" data-index=\"2\" ><div class=\"aufzaehl panel-widget-style panel-widget-style-for-20-0-0-2\" ><div class=\"textwidget\"><ul>\n<li><span style=\"color: #000000;\"><strong>DACHFENSTEREINBAU<\/strong><\/span><\/li>\n<\/ul>\n<\/div><\/div><\/div><div id=\"panel-20-0-0-3\" class=\"so-panel widget widget_black-studio-tinymce widget_black_studio_tinymce\" data-index=\"3\" ><div class=\"aufzaehl panel-widget-style panel-widget-style-for-20-0-0-3\" ><div class=\"textwidget\"><ul>\n<li><span style=\"color: #000000;\"><strong>ZIEGELDECKUNGEN<\/strong><\/span><br \/>\n<span style=\"color: #000000;\"> - Betondachsteine \/ Tonziegel<\/span><\/li>\n<\/ul>\n<\/div><\/div><\/div><div id=\"panel-20-0-0-4\" class=\"so-panel widget widget_black-studio-tinymce widget_black_studio_tinymce\" data-index=\"4\" ><div class=\"aufzaehl panel-widget-style panel-widget-style-for-20-0-0-4\" ><div class=\"textwidget\"><ul>\n<li><span style=\"color: #000000;\"><strong>SCHINDELDECKUNG<\/strong><\/span><\/li>\n<\/ul>\n<\/div><\/div><\/div><div id=\"panel-20-0-0-5\" class=\"so-panel widget widget_black-studio-tinymce widget_black_studio_tinymce\" data-index=\"5\" ><div class=\"aufzaehl panel-widget-style panel-widget-style-for-20-0-0-5\" ><div class=\"textwidget\"><ul>\n<li><span style=\"color: #000000;\"><strong>FLACHDACH<\/strong><\/span><br \/>\n<span style=\"color: #000000;\">- Bitumenbahnen<\/span><\/li>\n<\/ul>\n<\/div><\/div><\/div><div id=\"panel-20-0-0-6\" class=\"so-panel widget widget_black-studio-tinymce widget_black_studio_tinymce\" data-index=\"6\" ><div class=\"aufzaehl panel-widget-style panel-widget-style-for-20-0-0-6\" ><div class=\"textwidget\"><ul>\n<li><span style=\"color: #000000;\"><strong>ZIMMERARBEITEN<\/strong><br \/>\n- Schalung \/ Sparrenwechsel \/ <\/span><span style=\"color: #000000;\">Sparrenverst\u00e4rkung<\/span><\/li>\n<\/ul>\n<\/div><\/div><\/div><div id=\"panel-20-0-0-7\" class=\"so-panel widget widget_black-studio-tinymce widget_black_studio_tinymce\" data-index=\"7\" ><div class=\"aufzaehl panel-widget-style panel-widget-style-for-20-0-0-7\" ><div class=\"textwidget\"><ul>\n<li><span style=\"color: #000000;\"><strong>BAUWERKSABDICHTUNG<\/strong><\/span><\/li>\n<\/ul>\n<\/div><\/div><\/div><div id=\"panel-20-0-0-8\" class=\"so-panel widget widget_black-studio-tinymce widget_black_studio_tinymce\" data-index=\"8\" ><div class=\"aufzaehl panel-widget-style panel-widget-style-for-20-0-0-8\" ><div class=\"textwidget\"><ul>\n<li><span style=\"color: #000000;\"><strong>BALKONABDICHTUNG<\/strong><\/span><\/li>\n<\/ul>\n<\/div><\/div><\/div><div id=\"panel-20-0-0-9\" class=\"so-panel widget widget_black-studio-tinymce widget_black_studio_tinymce\" data-index=\"9\" ><div class=\"aufzaehl panel-widget-style panel-widget-style-for-20-0-0-9\" ><div class=\"textwidget\"><ul>\n<li><span style=\"color: #000000;\"><strong>W\u00c4RMED\u00c4MMUNG<\/strong><\/span><br \/>\n<span style=\"color: #000000;\">- Aufsparrend\u00e4mmung \/ Zwischensparrend\u00e4mmung \/ Flachdachd\u00e4mmung<\/span><\/li>\n<\/ul>\n<\/div><\/div><\/div><div id=\"panel-20-0-0-10\" class=\"so-panel widget widget_black-studio-tinymce widget_black_studio_tinymce\" data-index=\"10\" ><div class=\"aufzaehl panel-widget-style panel-widget-style-for-20-0-0-10\" ><div class=\"textwidget\"><ul>\n<li><span style=\"color: #000000;\"><strong>GER\u00dcSTBAU<\/strong><\/span><\/li>\n<\/ul>\n<\/div><\/div><\/div><div id=\"panel-20-0-0-11\" class=\"so-panel widget widget_black-studio-tinymce widget_black_studio_tinymce panel-last-child\" data-index=\"11\" ><div class=\"aufzaehl panel-widget-style panel-widget-style-for-20-0-0-11\" ><div class=\"textwidget\"><p style=\"text-align: right;\"><strong>Fragen zur Ausf\u00fchrung, Problemen rund ums Dach,<br \/>\n<\/strong><strong>oder anderen nicht aufgef\u00fchrten Leistungen?<br \/>\n<a href=\"http:\/\/www.dachdeckerfirma-wienold.de\/wordpress\/kontakt\/\">Kontaktieren Sie uns!<\/a><\/strong><\/p>\n<\/div><\/div><\/div><\/div><\/div><\/div><div id=\"pg-20-1\"  class=\"panel-grid panel-no-style\" ><div id=\"pgc-20-1-0\"  class=\"panel-grid-cell\" ><div id=\"panel-20-1-0-0\" class=\"so-panel widget widget_black-studio-tinymce widget_black_studio_tinymce panel-first-child panel-last-child\" data-index=\"12\" ><div class=\"datsign panel-widget-style panel-widget-style-for-20-1-0-0\" id=\"dats\" ><div class=\"textwidget\"><p style=\"text-align: left;\"><a href=\"http:\/\/www.dachdeckerfirma-wienold.de\/wordpress\/datenschutz\/\">DATENSCHUTZ<\/a> \/ <a href=\"http:\/\/www.dachdeckerfirma-wienold.de\/wordpress\/impressum\/\">IMPRESSUM<\/a><\/p>\n<\/div><\/div><\/div><\/div><\/div><\/div>","protected":false},"excerpt":{"rendered":"<p>SCHIEFERDECKUNGEN &#8211; Naturschiefer \/ Faserzement KLEMPNERARBEITEN &#8211; in Zink \/ in Kupfer \/ in Alu DACHFENSTEREINBAU ZIEGELDECKUNGEN &#8211; Betondachsteine \/ Tonziegel SCHINDELDECKUNG FLACHDACH &#8211; Bitumenbahnen ZIMMERARBEITEN &#8211; Schalung \/ Sparrenwechsel \/ Sparrenverst\u00e4rkung BAUWERKSABDICHTUNG BALKONABDICHTUNG W\u00c4RMED\u00c4MMUNG &#8211; Aufsparrend\u00e4mmung \/ Zwischensparrend\u00e4mmung \/ &hellip; <a class=\"kt-excerpt-readmore\" href=\"http:\/\/www.dachdeckerfirma-wienold.de\/wordpress\/leistungen\/\" aria-label=\"LEISTUNGEN\">Weiterlesen<\/a><\/p>\n","protected":false},"author":3,"featured_media":0,"parent":0,"menu_order":3,"comment_status":"open","ping_status":"open","template":"page-sidebar.php","meta":[],"_links":{"self":[{"href":"http:\/\/www.dachdeckerfirma-wienold.de\/wordpress\/wp-json\/wp\/v2\/pages\/20"}],"collection":[{"href":"http:\/\/www.dachdeckerfirma-wienold.de\/wordpress\/wp-json\/wp\/v2\/pages"}],"about":[{"href":"http:\/\/www.dachdeckerfirma-wienold.de\/wordpress\/wp-json\/wp\/v2\/types\/page"}],"author":[{"embeddable":true,"href":"http:\/\/www.dachdeckerfirma-wienold.de\/wordpress\/wp-json\/wp\/v2\/users\/3"}],"replies":[{"embeddable":true,"href":"http:\/\/www.dachdeckerfirma-wienold.de\/wordpress\/wp-json\/wp\/v2\/comments?post=20"}],"version-history":[{"count":50,"href":"http:\/\/www.dachdeckerfirma-wienold.de\/wordpress\/wp-json\/wp\/v2\/pages\/20\/revisions"}],"predecessor-version":[{"id":463,"href":"http:\/\/www.dachdeckerfirma-wienold.de\/wordpress\/wp-json\/wp\/v2\/pages\/20\/revisions\/463"}],"wp:attachment":[{"href":"http:\/\/www.dachdeckerfirma-wienold.de\/wordpress\/wp-json\/wp\/v2\/media?parent=20"}],"curies":[{"name":"wp","href":"https:\/\/api.w.org\/{rel}","templated":true}]}}